{"id":1487,"date":"2023-01-17T12:07:08","date_gmt":"2023-01-17T12:07:08","guid":{"rendered":"http:\/\/localhost\/esca\/?page_id=1487"},"modified":"2023-01-19T09:03:27","modified_gmt":"2023-01-19T09:03:27","slug":"demande-de-devis","status":"publish","type":"page","link":"https:\/\/escanegos.com\/?page_id=1487","title":{"rendered":"Demande de Devis"},"content":{"rendered":"\t\t<div data-elementor-type=\"wp-page\" data-elementor-id=\"1487\" class=\"elementor elementor-1487\">\n\t\t\t\t\t\t<section class=\"elementor-section elementor-top-section elementor-element elementor-element-69e08a8 elementor-section-boxed elementor-section-height-default elementor-section-height-default\" data-id=\"69e08a8\" data-element_type=\"section\" data-e-type=\"section\">\n\t\t\t\t\t\t<div class=\"elementor-container elementor-column-gap-default\">\n\t\t\t\t\t<div class=\"elementor-column elementor-col-100 elementor-top-column elementor-element elementor-element-3ebd311\" data-id=\"3ebd311\" data-element_type=\"column\" data-e-type=\"column\">\n\t\t\t<div class=\"elementor-widget-wrap elementor-element-populated\">\n\t\t\t\t\t\t<div class=\"elementor-element elementor-element-aa3c214 elementor-widget elementor-widget-wpforms\" data-id=\"aa3c214\" data-element_type=\"widget\" data-e-type=\"widget\" data-widget_type=\"wpforms.default\">\n\t\t\t\t<div class=\"elementor-widget-container\">\n\t\t\t\t\t<div class=\"wpforms-container wpforms-container-full\" id=\"wpforms-1481\"><form id=\"wpforms-form-1481\" class=\"wpforms-validate wpforms-form wpforms-ajax-form\" data-formid=\"1481\" method=\"post\" enctype=\"multipart\/form-data\" action=\"\/index.php?rest_route=%2Fwp%2Fv2%2Fpages%2F1487\" data-token=\"b65c6975c26e4caa20fbbe67c6a92e60\" data-token-time=\"1776383835\"><div class=\"wpforms-head-container\"><div class=\"wpforms-description\">Nous serons ravis de traiter votre demande\u2026Nous essayons de vous r\u00e9pondre dans les 24 heures !<\/div><\/div><noscript class=\"wpforms-error-noscript\">Veuillez activer JavaScript dans votre navigateur pour remplir ce formulaire.<\/noscript><div class=\"wpforms-field-container\"><div id=\"wpforms-1481-field_0-container\" class=\"wpforms-field wpforms-field-name wpforms-one-half wpforms-first\" data-field-id=\"0\"><label class=\"wpforms-field-label\" for=\"wpforms-1481-field_0\">Votre Nom Complet <span class=\"wpforms-required-label\">*<\/span><\/label><input type=\"text\" id=\"wpforms-1481-field_0\" class=\"wpforms-field-large wpforms-field-required\" name=\"wpforms[fields][0]\" required><\/div><div id=\"wpforms-1481-field_3-container\" class=\"wpforms-field wpforms-field-text wpforms-one-half\" data-field-id=\"3\"><label class=\"wpforms-field-label\" for=\"wpforms-1481-field_3\">Votre Entreprise<\/label><input type=\"text\" id=\"wpforms-1481-field_3\" class=\"wpforms-field-large\" name=\"wpforms[fields][3]\" ><\/div><div id=\"wpforms-1481-field_1-container\" class=\"wpforms-field wpforms-field-email wpforms-one-half wpforms-first\" data-field-id=\"1\"><label class=\"wpforms-field-label\" for=\"wpforms-1481-field_1\">Votre E-mail <span class=\"wpforms-required-label\">*<\/span><\/label><input type=\"email\" id=\"wpforms-1481-field_1\" class=\"wpforms-field-large wpforms-field-required\" name=\"wpforms[fields][1]\" spellcheck=\"false\" required><\/div><div id=\"wpforms-1481-field_4-container\" class=\"wpforms-field wpforms-field-text wpforms-one-half\" data-field-id=\"4\"><label class=\"wpforms-field-label\" for=\"wpforms-1481-field_4\">Votre T\u00e9l <span class=\"wpforms-required-label\">*<\/span><\/label><input type=\"text\" id=\"wpforms-1481-field_4\" class=\"wpforms-field-large wpforms-field-required\" name=\"wpforms[fields][4]\" required><\/div><div id=\"wpforms-1481-field_6-container\" class=\"wpforms-field wpforms-field-checkbox\" data-field-id=\"6\"><label class=\"wpforms-field-label\">Vous pouvez cocher plusieurs produits<\/label><ul id=\"wpforms-1481-field_6\"><li class=\"choice-1 depth-1\"><input type=\"checkbox\" id=\"wpforms-1481-field_6_1\" name=\"wpforms[fields][6][]\" value=\"INSTRUMENTATIONS\"  ><label class=\"wpforms-field-label-inline\" for=\"wpforms-1481-field_6_1\">INSTRUMENTATIONS<\/label><\/li><li class=\"choice-2 depth-1\"><input type=\"checkbox\" id=\"wpforms-1481-field_6_2\" name=\"wpforms[fields][6][]\" value=\"CHIMIE \/ LABORATOIRE\"  ><label class=\"wpforms-field-label-inline\" for=\"wpforms-1481-field_6_2\">CHIMIE \/ LABORATOIRE<\/label><\/li><li class=\"choice-3 depth-1\"><input type=\"checkbox\" id=\"wpforms-1481-field_6_3\" name=\"wpforms[fields][6][]\" value=\"Autres Mati\u00e8res Premi\u00e8res (L&#039;OXYDE DE FER MICAC\u00c9, LE MICA, WOLLASTONITES )\"  ><label class=\"wpforms-field-label-inline\" for=\"wpforms-1481-field_6_3\">Autres Mati\u00e8res Premi\u00e8res (L'OXYDE DE FER MICAC\u00c9, LE MICA, WOLLASTONITES )<\/label><\/li><\/ul><\/div><div id=\"wpforms-1481-field_2-container\" class=\"wpforms-field wpforms-field-textarea\" data-field-id=\"2\"><label class=\"wpforms-field-label\" for=\"wpforms-1481-field_2\">Vos Besoins<\/label><textarea id=\"wpforms-1481-field_2\" class=\"wpforms-field-large\" name=\"wpforms[fields][2]\" placeholder=\"Vous pouvez d\u00e9crire vos besoins en d\u00e9tails...\" ><\/textarea><\/div><\/div><!-- .wpforms-field-container --><div class=\"wpforms-recaptcha-container wpforms-is-recaptcha wpforms-is-recaptcha-type-v2\" ><div class=\"g-recaptcha\" data-sitekey=\"6LfcuAQkAAAAAF1zHBBZoaxSSzddlvA8q-tJsY69\"><\/div><input type=\"text\" name=\"g-recaptcha-hidden\" class=\"wpforms-recaptcha-hidden\" style=\"position:absolute!important;clip:rect(0,0,0,0)!important;height:1px!important;width:1px!important;border:0!important;overflow:hidden!important;padding:0!important;margin:0!important;\" data-rule-recaptcha=\"1\"><\/div><div class=\"wpforms-submit-container\" ><input type=\"hidden\" name=\"wpforms[id]\" value=\"1481\"><input type=\"hidden\" name=\"page_title\" value=\"\"><input type=\"hidden\" name=\"page_url\" value=\"https:\/\/escanegos.com\/index.php?rest_route=\/wp\/v2\/pages\/1487\"><input type=\"hidden\" name=\"url_referer\" value=\"\"><button type=\"submit\" name=\"wpforms[submit]\" id=\"wpforms-submit-1481\" class=\"wpforms-submit\" data-alt-text=\"Envoi...\" data-submit-text=\"Envoyer\" aria-live=\"assertive\" value=\"wpforms-submit\">Envoyer<\/button><img decoding=\"async\" src=\"https:\/\/escanegos.com\/wp-content\/plugins\/wpforms-lite\/assets\/images\/submit-spin.svg\" class=\"wpforms-submit-spinner\" style=\"display: none;\" width=\"26\" height=\"26\" alt=\"Chargement en cours\"><\/div><\/form><\/div>  <!-- .wpforms-container -->\t\t\t\t<\/div>\n\t\t\t\t<\/div>\n\t\t\t\t\t<\/div>\n\t\t<\/div>\n\t\t\t\t\t<\/div>\n\t\t<\/section>\n\t\t\t\t<\/div>\n\t\t","protected":false},"excerpt":{"rendered":"","protected":false},"author":1,"featured_media":0,"parent":0,"menu_order":0,"comment_status":"closed","ping_status":"closed","template":"","meta":{"footnotes":""},"class_list":["post-1487","page","type-page","status-publish","hentry"],"_links":{"self":[{"href":"https:\/\/escanegos.com\/index.php?rest_route=\/wp\/v2\/pages\/1487","targetHints":{"allow":["GET"]}}],"collection":[{"href":"https:\/\/escanegos.com\/index.php?rest_route=\/wp\/v2\/pages"}],"about":[{"href":"https:\/\/escanegos.com\/index.php?rest_route=\/wp\/v2\/types\/page"}],"author":[{"embeddable":true,"href":"https:\/\/escanegos.com\/index.php?rest_route=\/wp\/v2\/users\/1"}],"replies":[{"embeddable":true,"href":"https:\/\/escanegos.com\/index.php?rest_route=%2Fwp%2Fv2%2Fcomments&post=1487"}],"version-history":[{"count":7,"href":"https:\/\/escanegos.com\/index.php?rest_route=\/wp\/v2\/pages\/1487\/revisions"}],"predecessor-version":[{"id":1764,"href":"https:\/\/escanegos.com\/index.php?rest_route=\/wp\/v2\/pages\/1487\/revisions\/1764"}],"wp:attachment":[{"href":"https:\/\/escanegos.com\/index.php?rest_route=%2Fwp%2Fv2%2Fmedia&parent=1487"}],"curies":[{"name":"wp","href":"https:\/\/api.w.org\/{rel}","templated":true}]}}