{"id":1219,"date":"2023-01-13T16:35:44","date_gmt":"2023-01-13T16:35:44","guid":{"rendered":"http:\/\/localhost\/esca\/?page_id=1219"},"modified":"2023-01-18T16:11:36","modified_gmt":"2023-01-18T16:11:36","slug":"instrumentations-sefram","status":"publish","type":"page","link":"https:\/\/escanegos.com\/?page_id=1219","title":{"rendered":"INSTRUMENTATIONS &#8211; SEFRAM"},"content":{"rendered":"\t\t<div data-elementor-type=\"wp-page\" data-elementor-id=\"1219\" class=\"elementor elementor-1219\">\n\t\t\t\t\t\t<section class=\"elementor-section elementor-top-section elementor-element elementor-element-f18dff5 elementor-section-boxed elementor-section-height-default elementor-section-height-default\" data-id=\"f18dff5\" data-element_type=\"section\" data-e-type=\"section\">\n\t\t\t\t\t\t<div class=\"elementor-container elementor-column-gap-default\">\n\t\t\t\t\t<div class=\"elementor-column elementor-col-100 elementor-top-column elementor-element elementor-element-e6006f7\" data-id=\"e6006f7\" data-element_type=\"column\" data-e-type=\"column\">\n\t\t\t<div class=\"elementor-widget-wrap elementor-element-populated\">\n\t\t\t\t\t\t<div class=\"elementor-element elementor-element-4554d94 elementor-widget elementor-widget-heading\" data-id=\"4554d94\" data-element_type=\"widget\" data-e-type=\"widget\" data-widget_type=\"heading.default\">\n\t\t\t\t<div class=\"elementor-widget-container\">\n\t\t\t\t\t<h2 class=\"elementor-heading-title elementor-size-default\">L'innovation au service de la mesure <\/h2>\t\t\t\t<\/div>\n\t\t\t\t<\/div>\n\t\t\t\t<div class=\"elementor-element elementor-element-4ab45d7 elementor-widget elementor-widget-heading\" data-id=\"4ab45d7\" data-element_type=\"widget\" data-e-type=\"widget\" data-widget_type=\"heading.default\">\n\t\t\t\t<div class=\"elementor-widget-container\">\n\t\t\t\t\t<h2 class=\"elementor-heading-title elementor-size-default\">La soci\u00e9t\u00e9 SEFRAM a d\u00e9velopp\u00e9 son activit\u00e9 dans le domaine des enregistreurs. Sa strat\u00e9gie est d'apporter sur le march\u00e9 des produits innovants et de qualit\u00e9 pour toutes les applications \u00e9lectriques et \u00e9lectroniques. <\/h2>\t\t\t\t<\/div>\n\t\t\t\t<\/div>\n\t\t\t\t<div class=\"elementor-element elementor-element-2f19b0c elementor-widget elementor-widget-spacer\" data-id=\"2f19b0c\" data-element_type=\"widget\" data-e-type=\"widget\" data-widget_type=\"spacer.default\">\n\t\t\t\t<div class=\"elementor-widget-container\">\n\t\t\t\t\t\t\t<div class=\"elementor-spacer\">\n\t\t\t<div class=\"elementor-spacer-inner\"><\/div>\n\t\t<\/div>\n\t\t\t\t\t\t<\/div>\n\t\t\t\t<\/div>\n\t\t\t\t\t<\/div>\n\t\t<\/div>\n\t\t\t\t\t<\/div>\n\t\t<\/section>\n\t\t\t\t<section class=\"elementor-section elementor-top-section elementor-element elementor-element-812fbc6 elementor-section-boxed elementor-section-height-default elementor-section-height-default\" data-id=\"812fbc6\" data-element_type=\"section\" data-e-type=\"section\">\n\t\t\t\t\t\t<div class=\"elementor-container elementor-column-gap-default\">\n\t\t\t\t\t<div class=\"elementor-column elementor-col-33 elementor-top-column elementor-element elementor-element-bdbae3e\" data-id=\"bdbae3e\" data-element_type=\"column\" data-e-type=\"column\">\n\t\t\t<div class=\"elementor-widget-wrap elementor-element-populated\">\n\t\t\t\t\t\t<div class=\"elementor-element elementor-element-64f2201 elementor-position-top elementor-widget elementor-widget-image-box\" data-id=\"64f2201\" data-element_type=\"widget\" data-e-type=\"widget\" data-widget_type=\"image-box.default\">\n\t\t\t\t<div class=\"elementor-widget-container\">\n\t\t\t\t\t<div class=\"elementor-image-box-wrapper\"><figure class=\"elementor-image-box-img\"><img fetchpriority=\"high\" decoding=\"async\" width=\"480\" height=\"320\" src=\"https:\/\/escanegos.com\/wp-content\/uploads\/2023\/01\/New-Project-16.png\" class=\"attachment-full size-full wp-image-1530\" alt=\"\" srcset=\"https:\/\/escanegos.com\/wp-content\/uploads\/2023\/01\/New-Project-16.png 480w, https:\/\/escanegos.com\/wp-content\/uploads\/2023\/01\/New-Project-16-300x200.png 300w\" sizes=\"(max-width: 480px) 100vw, 480px\" \/><\/figure><div class=\"elementor-image-box-content\"><h3 class=\"elementor-image-box-title\">ACQUISITION DE DONN\u00c9ES\u200b<\/h3><p class=\"elementor-image-box-description\">Enregistreurs graphiques, \u00e0 peigne thermique, sans papier, portables...<\/p><\/div><\/div>\t\t\t\t<\/div>\n\t\t\t\t<\/div>\n\t\t\t\t\t<\/div>\n\t\t<\/div>\n\t\t\t\t<div class=\"elementor-column elementor-col-33 elementor-top-column elementor-element elementor-element-bc60287\" data-id=\"bc60287\" data-element_type=\"column\" data-e-type=\"column\">\n\t\t\t<div class=\"elementor-widget-wrap elementor-element-populated\">\n\t\t\t\t\t\t<div class=\"elementor-element elementor-element-ff24e84 elementor-position-top elementor-widget elementor-widget-image-box\" data-id=\"ff24e84\" data-element_type=\"widget\" data-e-type=\"widget\" data-widget_type=\"image-box.default\">\n\t\t\t\t<div class=\"elementor-widget-container\">\n\t\t\t\t\t<div class=\"elementor-image-box-wrapper\"><figure class=\"elementor-image-box-img\"><img decoding=\"async\" width=\"480\" height=\"320\" src=\"https:\/\/escanegos.com\/wp-content\/uploads\/2023\/01\/New-Project-15.png\" class=\"attachment-full size-full wp-image-1529\" alt=\"\" srcset=\"https:\/\/escanegos.com\/wp-content\/uploads\/2023\/01\/New-Project-15.png 480w, https:\/\/escanegos.com\/wp-content\/uploads\/2023\/01\/New-Project-15-300x200.png 300w\" sizes=\"(max-width: 480px) 100vw, 480px\" \/><\/figure><div class=\"elementor-image-box-content\"><h3 class=\"elementor-image-box-title\"> INSTRUMENTATION G\u00c9N\u00c9RALE \u200b<\/h3><p class=\"elementor-image-box-description\">Multim\u00e8tres, oscilloscopes, pinces amp\u00e8rem\u00e9triques et wattm\u00e9triques, charges \u00e9lectroniques, g\u00e9n\u00e9rateurs de fonctions et arbitraires, contr\u00f4leurs \u00e9lectriques, alimentations, analy-seurs de spectre...<\/p><\/div><\/div>\t\t\t\t<\/div>\n\t\t\t\t<\/div>\n\t\t\t\t\t<\/div>\n\t\t<\/div>\n\t\t\t\t<div class=\"elementor-column elementor-col-33 elementor-top-column elementor-element elementor-element-3878d4a\" data-id=\"3878d4a\" data-element_type=\"column\" data-e-type=\"column\">\n\t\t\t<div class=\"elementor-widget-wrap elementor-element-populated\">\n\t\t\t\t\t\t<div class=\"elementor-element elementor-element-e61df9a elementor-position-top elementor-widget elementor-widget-image-box\" data-id=\"e61df9a\" data-element_type=\"widget\" data-e-type=\"widget\" data-widget_type=\"image-box.default\">\n\t\t\t\t<div class=\"elementor-widget-container\">\n\t\t\t\t\t<div class=\"elementor-image-box-wrapper\"><figure class=\"elementor-image-box-img\"><img decoding=\"async\" width=\"480\" height=\"320\" src=\"https:\/\/escanegos.com\/wp-content\/uploads\/2023\/01\/New-Project-60.jpg\" class=\"attachment-full size-full wp-image-1527\" alt=\"\" srcset=\"https:\/\/escanegos.com\/wp-content\/uploads\/2023\/01\/New-Project-60.jpg 480w, https:\/\/escanegos.com\/wp-content\/uploads\/2023\/01\/New-Project-60-300x200.jpg 300w\" sizes=\"(max-width: 480px) 100vw, 480px\" \/><\/figure><div class=\"elementor-image-box-content\"><h3 class=\"elementor-image-box-title\">MESURE DE CHAMP<\/h3><p class=\"elementor-image-box-description\">Pour la r\u00e9ception et la qualification des signaux TV analogiques et num\u00e9riques en hertzien, c\u00e2ble et satellite.<\/p><\/div><\/div>\t\t\t\t<\/div>\n\t\t\t\t<\/div>\n\t\t\t\t\t<\/div>\n\t\t<\/div>\n\t\t\t\t\t<\/div>\n\t\t<\/section>\n\t\t\t\t<section class=\"elementor-section elementor-top-section elementor-element elementor-element-532afb08 elementor-section-boxed elementor-section-height-default elementor-section-height-default\" data-id=\"532afb08\" data-element_type=\"section\" data-e-type=\"section\">\n\t\t\t\t\t\t<div class=\"elementor-container elementor-column-gap-default\">\n\t\t\t\t\t<div class=\"elementor-column elementor-col-100 elementor-top-column elementor-element elementor-element-3440f05e\" data-id=\"3440f05e\" data-element_type=\"column\" data-e-type=\"column\">\n\t\t\t<div class=\"elementor-widget-wrap elementor-element-populated\">\n\t\t\t\t\t\t<div class=\"elementor-element elementor-element-9674f75 elementor-widget elementor-widget-spacer\" data-id=\"9674f75\" data-element_type=\"widget\" data-e-type=\"widget\" data-widget_type=\"spacer.default\">\n\t\t\t\t<div class=\"elementor-widget-container\">\n\t\t\t\t\t\t\t<div class=\"elementor-spacer\">\n\t\t\t<div class=\"elementor-spacer-inner\"><\/div>\n\t\t<\/div>\n\t\t\t\t\t\t<\/div>\n\t\t\t\t<\/div>\n\t\t\t\t<div class=\"elementor-element elementor-element-56fbae46 elementor-align-center elementor-icon-list--layout-traditional elementor-list-item-link-full_width elementor-widget elementor-widget-icon-list\" data-id=\"56fbae46\" data-element_type=\"widget\" data-e-type=\"widget\" data-widget_type=\"icon-list.default\">\n\t\t\t\t<div class=\"elementor-widget-container\">\n\t\t\t\t\t\t\t<ul class=\"elementor-icon-list-items\">\n\t\t\t\t\t\t\t<li class=\"elementor-icon-list-item\">\n\t\t\t\t\t\t\t\t\t\t\t<a href=\"https:\/\/www.sefram.com\/\" target=\"_blank\">\n\n\t\t\t\t\t\t\t\t\t\t\t\t<span class=\"elementor-icon-list-icon\">\n\t\t\t\t\t\t\t<i aria-hidden=\"true\" class=\"fas fa-link\"><\/i>\t\t\t\t\t\t<\/span>\n\t\t\t\t\t\t\t\t\t\t<span class=\"elementor-icon-list-text\">www.sefram.com<\/span>\n\t\t\t\t\t\t\t\t\t\t\t<\/a>\n\t\t\t\t\t\t\t\t\t<\/li>\n\t\t\t\t\t\t<\/ul>\n\t\t\t\t\t\t<\/div>\n\t\t\t\t<\/div>\n\t\t\t\t\t<\/div>\n\t\t<\/div>\n\t\t\t\t\t<\/div>\n\t\t<\/section>\n\t\t\t\t<section class=\"elementor-section elementor-top-section elementor-element elementor-element-b577df3 elementor-section-boxed elementor-section-height-default elementor-section-height-default\" data-id=\"b577df3\" data-element_type=\"section\" data-e-type=\"section\">\n\t\t\t\t\t\t<div class=\"elementor-container elementor-column-gap-default\">\n\t\t\t\t\t<div class=\"elementor-column elementor-col-100 elementor-top-column elementor-element elementor-element-5f4964a\" data-id=\"5f4964a\" data-element_type=\"column\" data-e-type=\"column\">\n\t\t\t<div class=\"elementor-widget-wrap elementor-element-populated\">\n\t\t\t\t\t\t<div class=\"elementor-element elementor-element-8a1f8c3 elementor-widget elementor-widget-spacer\" data-id=\"8a1f8c3\" data-element_type=\"widget\" data-e-type=\"widget\" data-widget_type=\"spacer.default\">\n\t\t\t\t<div class=\"elementor-widget-container\">\n\t\t\t\t\t\t\t<div class=\"elementor-spacer\">\n\t\t\t<div class=\"elementor-spacer-inner\"><\/div>\n\t\t<\/div>\n\t\t\t\t\t\t<\/div>\n\t\t\t\t<\/div>\n\t\t\t\t\t<\/div>\n\t\t<\/div>\n\t\t\t\t\t<\/div>\n\t\t<\/section>\n\t\t\t\t<section class=\"elementor-section elementor-top-section elementor-element elementor-element-10c82b70 elementor-section-content-middle elementor-section-boxed elementor-section-height-default elementor-section-height-default\" data-id=\"10c82b70\" data-element_type=\"section\" data-e-type=\"section\" data-settings=\"{&quot;background_background&quot;:&quot;classic&quot;}\">\n\t\t\t\t\t\t\t<div class=\"elementor-background-overlay\"><\/div>\n\t\t\t\t\t\t\t<div class=\"elementor-container elementor-column-gap-no\">\n\t\t\t\t\t<div class=\"elementor-column elementor-col-100 elementor-top-column elementor-element elementor-element-215a0763\" data-id=\"215a0763\" data-element_type=\"column\" data-e-type=\"column\">\n\t\t\t<div class=\"elementor-widget-wrap elementor-element-populated\">\n\t\t\t\t\t\t<div class=\"elementor-element elementor-element-260e2427 elementor-widget elementor-widget-heading\" data-id=\"260e2427\" data-element_type=\"widget\" data-e-type=\"widget\" data-widget_type=\"heading.default\">\n\t\t\t\t<div class=\"elementor-widget-container\">\n\t\t\t\t\t<h4 class=\"elementor-heading-title elementor-size-default\">Vous pouvez demander votre devis en ligne<\/h4>\t\t\t\t<\/div>\n\t\t\t\t<\/div>\n\t\t\t\t<div class=\"elementor-element elementor-element-765872a8 elementor-widget elementor-widget-text-editor\" data-id=\"765872a8\" data-element_type=\"widget\" data-e-type=\"widget\" data-widget_type=\"text-editor.default\">\n\t\t\t\t<div class=\"elementor-widget-container\">\n\t\t\t\t\t\t\t\t\t<p>Nous serons ravis de traiter votre demande&#8230;Nous essayons de vous r\u00e9pondre dans les 24 heures !<\/p>\t\t\t\t\t\t\t\t<\/div>\n\t\t\t\t<\/div>\n\t\t\t\t<div class=\"elementor-element elementor-element-51a16553 elementor-align-center elementor-widget elementor-widget-button\" data-id=\"51a16553\" data-element_type=\"widget\" data-e-type=\"widget\" data-widget_type=\"button.default\">\n\t\t\t\t<div class=\"elementor-widget-container\">\n\t\t\t\t\t\t\t\t\t<div class=\"elementor-button-wrapper\">\n\t\t\t\t\t<a class=\"elementor-button elementor-button-link elementor-size-sm elementor-animation-grow\" href=\"https:\/\/wawacreative.com\/esca\/demande-de-devis\/\">\n\t\t\t\t\t\t<span class=\"elementor-button-content-wrapper\">\n\t\t\t\t\t\t\t\t\t<span class=\"elementor-button-text\">Je veux obtenir mon devis<\/span>\n\t\t\t\t\t<\/span>\n\t\t\t\t\t<\/a>\n\t\t\t\t<\/div>\n\t\t\t\t\t\t\t\t<\/div>\n\t\t\t\t<\/div>\n\t\t\t\t\t<\/div>\n\t\t<\/div>\n\t\t\t\t\t<\/div>\n\t\t<\/section>\n\t\t\t\t<\/div>\n\t\t","protected":false},"excerpt":{"rendered":"<p>L&rsquo;innovation au service de la mesure La soci\u00e9t\u00e9 SEFRAM a d\u00e9velopp\u00e9 son activit\u00e9 dans le domaine des enregistreurs. Sa strat\u00e9gie est d&rsquo;apporter sur le march\u00e9 des produits innovants et de qualit\u00e9 pour toutes les applications \u00e9lectriques et \u00e9lectroniques. ACQUISITION DE DONN\u00c9ES\u200b Enregistreurs graphiques, \u00e0 peigne thermique, sans papier, portables&#8230; INSTRUMENTATION G\u00c9N\u00c9RALE \u200b Multim\u00e8tres, oscilloscopes, pinces [&hellip;]<\/p>\n","protected":false},"author":1,"featured_media":0,"parent":0,"menu_order":0,"comment_status":"closed","ping_status":"closed","template":"","meta":{"footnotes":""},"class_list":["post-1219","page","type-page","status-publish","hentry"],"_links":{"self":[{"href":"https:\/\/escanegos.com\/index.php?rest_route=\/wp\/v2\/pages\/1219","targetHints":{"allow":["GET"]}}],"collection":[{"href":"https:\/\/escanegos.com\/index.php?rest_route=\/wp\/v2\/pages"}],"about":[{"href":"https:\/\/escanegos.com\/index.php?rest_route=\/wp\/v2\/types\/page"}],"author":[{"embeddable":true,"href":"https:\/\/escanegos.com\/index.php?rest_route=\/wp\/v2\/users\/1"}],"replies":[{"embeddable":true,"href":"https:\/\/escanegos.com\/index.php?rest_route=%2Fwp%2Fv2%2Fcomments&post=1219"}],"version-history":[{"count":40,"href":"https:\/\/escanegos.com\/index.php?rest_route=\/wp\/v2\/pages\/1219\/revisions"}],"predecessor-version":[{"id":1705,"href":"https:\/\/escanegos.com\/index.php?rest_route=\/wp\/v2\/pages\/1219\/revisions\/1705"}],"wp:attachment":[{"href":"https:\/\/escanegos.com\/index.php?rest_route=%2Fwp%2Fv2%2Fmedia&parent=1219"}],"curies":[{"name":"wp","href":"https:\/\/api.w.org\/{rel}","templated":true}]}}